{"id":6716,"date":"2022-12-05T20:16:22","date_gmt":"2022-12-06T01:16:22","guid":{"rendered":"https:\/\/megadvantage.com\/?page_id=6716"},"modified":"2022-12-06T18:45:09","modified_gmt":"2022-12-06T23:45:09","slug":"politica-de-tratamiento-de-datos","status":"publish","type":"page","link":"https:\/\/megadvantage.com\/en\/politica-de-tratamiento-de-datos\/","title":{"rendered":"Data Treatment Policy"},"content":{"rendered":"<div data-elementor-type=\"wp-page\" data-elementor-id=\"6716\" class=\"elementor elementor-6716\" data-elementor-post-type=\"page\">\n\t\t\t\t\t\t<section class=\"elementor-section elementor-top-section elementor-element elementor-element-713b2ed ot-traditional elementor-section-boxed elementor-section-height-default elementor-section-height-default\" data-id=\"713b2ed\" data-element_type=\"section\" data-e-type=\"section\">\n\t\t\t\t\t\t<div class=\"elementor-container elementor-column-gap-default\">\n\t\t\t\t\t<div class=\"elementor-column elementor-col-100 elementor-top-column elementor-element elementor-element-9e9591d ot-flex-column-vertical\" data-id=\"9e9591d\" data-element_type=\"column\" data-e-type=\"column\">\n\t\t\t<div class=\"elementor-widget-wrap elementor-element-populated\">\n\t\t\t\t\t\t<div class=\"elementor-element elementor-element-a6db96c elementor-widget elementor-widget-heading\" data-id=\"a6db96c\" data-element_type=\"widget\" data-e-type=\"widget\" data-widget_type=\"heading.default\">\n\t\t\t\t<div class=\"elementor-widget-container\">\n\t\t\t\t\t<h2 class=\"elementor-heading-title elementor-size-default\">Data Treatment Policy<\/h2>\t\t\t\t<\/div>\n\t\t\t\t<\/div>\n\t\t\t\t<div class=\"elementor-element elementor-element-2c1e49c elementor-widget elementor-widget-text-editor\" data-id=\"2c1e49c\" data-element_type=\"widget\" data-e-type=\"widget\" data-widget_type=\"text-editor.default\">\n\t\t\t\t<div class=\"elementor-widget-container\">\n\t\t\t\t\t\t\t\t\t<p><strong>1. Presentation<\/strong><br \/>With the aim of complying with the current legislation on data protection, especially Law 1581 of 2012 (and other regulations that modify, add, complement or develop it) and Decree 1377 of 2013, we put it below both of the relevant aspects in relation to the collection, use and transfer of personal data that MEGADVANTAGE TECH SERVICES SAS performs of your personal data, by virtue of the authorization granted by you to advance said treatment, as well as the management.<\/p><p>In this personal data processing policy (the \u201cPolicy\u201d) you will find the corporate and legal guidelines under which the company processes your data, the purpose, your rights as the owner, as well as the internal and external procedures for the exercise of such rights.<\/p><p>In accordance with the provisions of article 15 of the Political Constitution of Colombia and the applicable legislation (Law 1266 of 2008, Law 1581 of 2012, Decree 1377 of 2013 and all those regulations that regulate, add, repeal or modify), we have a clear privacy policy and protection of your personal data: we do not obtain personal information from third parties that have a commercial or legal relationship with the company, including you, Students, Employees or Suppliers, unless they have provided it voluntarily with their consent prior, express and qualified.<\/p><p><strong>2. Definitions<\/strong><br \/>For the interpretation of this Policy, we ask you to take into account the following definitions:<br \/>Personal data: Any information linked or that can be associated with one or several determined or determinable natural persons;<br \/>\u2013 Sensitive data: Those data that affect the privacy of the Owner or whose improper use can generate discrimination;<br \/>\u2013 Data Processor: Natural or legal person, public or private, that by itself or in association with others, performs the Processing of personal data on behalf of the company as data controller;<br \/>\u2013 Treatment Policy: Refers to this document, as a personal data treatment policy applied by the company in accordance with the guidelines of current legislation on the matter;<br \/>\u2013 Provider: Any natural or legal person who provides a service to the company by virtue of a contractual\/obligational relationship;<br \/>\u2013 Responsible for the Treatment: Natural or legal person, public or private, that by itself or in association with others, decides on the database and \/ or the Treatment of the data, for the purposes of this policy, will act as responsible, in principle, the company;<br \/>\u2013 Owner: Natural person whose personal data is processed, be it a client, supplier, employee, or any third party who, due to a commercial or legal relationship, provides the company with personal data;<br \/>\u2013 Transfer: Refers to the sending by the company as responsible for the Treatment or a Data Manager, to a third agent or natural\/legal person (receiver), inside or outside the national territory for the effective treatment of personal data;<br \/>\u2013 Transmission: Refers to the communication of personal data by the person in charge to the Manager, located inside or outside the national territory, so that the Manager, on behalf of the person in charge, processes personal data;<br \/>\u2013 Treatment: Any operation or set of operations on personal data, such as collection, storage, use, circulation or deletion.<br \/>For the understanding of the terms that are not included in the previous list, you must refer to the current legislation, especially Law 1581 of 2012 and Decree 1377 of 2013, giving the meaning used in said regulation to the terms of whose definition there is any doubt.<\/p><p><strong>3. Use and purpose of the Treatment<\/strong><br \/>The Company recognizes that the Owner of the personal data has the right to have a reasonable expectation of their privacy, taking into account in any case their responsibilities, rights and obligations with the company.<br \/>By virtue of the relationship established between you and the company, it collects, stores, uses and transfers personal data to companies located inside and outside Colombia. Personal data is used for:<br \/><br \/>\u2022 Execution of the contract signed with the Company.<br \/>\u2022 Collection and collection of contractual obligations.<br \/>\u2022 Payment of contractual obligations.<br \/>\u2022 Sending information to government or judicial entities at their express request.<br \/>\u2022 Support in external\/internal audit processes.<br \/>\u2022 Registration of the information of the Students, their parents\/guardians in the Company&#039;s database.<br \/>\u2022 Registration of Employee information in the company&#039;s database.<br \/>\u2022 Registration of Supplier information in the company&#039;s database.<br \/>\u2022 Contact with Students, their Parents\/Guardians, Employees or Suppliers to send information related to the contractual, commercial and obligatory relationship that takes place.<br \/>\u2022 Collection of data for the fulfillment of the duties that, as the person in charge of the information and personal data, corresponds to the company.<br \/>\u2022 For security or fraud prevention purposes.<br \/><br \/>If you provide us with Personal Data, this information will be used only for the purposes indicated herein, and we will not proceed to sell, license, transmit or disclose it outside the company unless (i) you expressly authorize us to do so, (ii) is necessary to enable our contractors or agents to perform the services we have entrusted to them, (iii) in order to provide you with our products or services, (iv) is disclosed to entities that perform marketing services on our behalf or to other entities with with which we have joint marketing agreements, (v) is in connection with a merger, consolidation, acquisition, divestiture or other restructuring process, or (vi) as required or permitted by law.<br \/><br \/>In order to carry out the purposes described above, your personal data may be disclosed for the purposes set out above to human resources personnel, managers, consultants, advisors and other persons and offices as appropriate.<br \/><br \/>The Company may subcontract to third parties for the processing of certain functions or information. When we do outsource the processing of your personal information to third parties or provide your personal information to third party service providers, we advise such third parties of the need to protect such personal information with appropriate security measures, we prohibit them from using your personal information for own and prevent them from disclosing your personal information to others.<br \/><br \/>In the same way, the company may transfer or transmit (as appropriate) your personal data to other companies abroad for reasons of security, administrative efficiency and better service, in accordance with the authorizations of each of these persons. The Company has adopted the necessary measures so that these companies implement in their jurisdiction and in accordance with the laws applicable to them, standards of security and protection of personal data even similar to those provided in this document and in general in the policy of the company. about matter. In the case of transmission of personal data, the transmission contract will be signed under the terms of Decree 1377\/13.<br \/><br \/>Additionally, we inform you that once the need to process your data ceases, they may be eliminated from the company&#039;s databases or archived in secure terms so that they are only disclosed when appropriate in accordance with the law.<br \/><br \/>You expressly, informed and specifically authorize the company to process the sensitive data that may arise and that you provide<br \/>freely. Keep in mind that when the processing of sensitive data is necessary to carry out a specific purpose other than those listed in this Policy, the company will inform you in advance and explicitly what data is sensitive and the purpose of its processing. The Company has a sensitive data treatment policy: none of the services that you can obtain from the company will be conditioned to the provision of sensitive data. We remind you that because it is sensitive data, you are not obliged to authorize its treatment. However, to the extent that the knowledge of said data is necessary for the provision of our services as an educational institution, if you decide not to authorize its treatment, the company will be forced not to provide said service.<br \/><br \/><b>4. Rights of the Holder<\/b><br \/>In accordance with article 8 of Law 1581 of 2012, the rights that assist you as the owner in relation to your personal data are:<br \/><br \/>a. Know, update and rectify your personal data in front of the company as those responsible for the Treatment or Treatment Managers. This right is<br \/>may exercise, among others, against partial, inaccurate, incomplete, fractioned, misleading data, or those whose Treatment is expressly prohibited or has not been authorized;<br \/>b. Request proof of the authorization granted to the company as responsible for the Treatment except when expressly excepted as a requirement for Treatment; <br \/>c. Be informed by the company, as responsible for the Treatment or by the Treatment Manager, upon request, regarding the use that has been given to your personal data;<br \/>d. Submit complaints to the Superintendence of Industry and Commerce for violations of the provisions of this law and other regulations that modify, add or complement it;<br \/>and. Revoke the authorization and\/or request the deletion of the data when the Treatment does not respect the constitutional and legal principles, rights and guarantees;<br \/>F. Free access to your personal data that have been processed.<br \/><br \/>Within this policy you will find the procedure through which the company guarantees the exercise of all your rights.<\/p><p><b>5. Procedure for the exercise of your rights as owner<\/b><br \/>If you have questions about this Policy, or any concern or claim, or in the event of a complaint, rectification, update, query, or request for access or data theft, or regarding the administration of the Policy, contact us through any of the following means:<br \/><br \/>maria.ariza@megadvantage.com<br \/>Telephone: +57313 4893992<br \/><br \/>Keep in mind that once you inform the responsible area within the company, depending on which of them your request is directed to, the query, request or complaint will be processed.<br \/><br \/>You can consult the company regarding the personal data it has stored in its databases, for which it will be necessary for the applicant or their legal representative to previously prove their identity. Said query will be answered by the company within a maximum term of ten (10) business days from the date of receipt thereof. This period may be extended by the company on a single occasion, in which case you will be informed of the reasons for the delay and the date on which your request will be dealt with, which in no case will be more than five (5) business days following the expiration of the first term.<br \/><br \/>Your request or request related to claims, updates, corrections, or deletion of your personal data must be attended to within a maximum term of fifteen (15) business days from the receipt of the request or request. For the correct and complete consideration of your petition, request or claim, we ask you to provide the identity of the requester, his identification number, the address for notifications\/responses and the documents he wishes to assert.<br \/><br \/>If your request or request does not have sufficient data and facts that allow the company to attend to it correctly and completely, you will be required within five (5) days following receipt of the request, request or claim to rectify your failures. . After two (2) months have elapsed from the date of the request, if you as the applicant have not corrected as required, the company as the recipient of your request understands that you have withdrawn your application.<br \/><br \/><b>6. Modification of this policy<\/b><br \/>This policy may be modified at any time, which is why we recommend you regularly or periodically review our website, where you will be notified of the change and the latest version of this Policy or the mechanisms to obtain a notification will be made available to you. copy of this<br \/><br \/><b>Effective Date:<\/b> January 2022<br \/><b>Date last modified:<\/b> February 2022<br \/><b>Effective date of the database:<\/b> The validity of the database will be the reasonable and necessary time to comply with the purposes of the information processing.<\/p>\t\t\t\t\t\t\t\t<\/div>\n\t\t\t\t<\/div>\n\t\t\t\t\t<\/div>\n\t\t<\/div>\n\t\t\t\t\t<\/div>\n\t\t<\/section>\n\t\t\t\t<\/div>","protected":false},"excerpt":{"rendered":"<p>1. Presentaci\u00f3n Con el objetivo de dar cumplimiento a la legislaci\u00f3n vigente en materia de protecci\u00f3n de datos, en especial la Ley 1581 de 2012 (y dem\u00e1s normas que la modifiquen, adicionen, complementen o desarrollen) y al Decreto 1377 de 2013, a continuaci\u00f3n lo ponemos al tanto de los aspectos relevantes en relaci\u00f3n con la [&hellip;]<\/p>\n","protected":false},"author":1,"featured_media":1930,"parent":0,"menu_order":0,"comment_status":"closed","ping_status":"closed","template":"elementor_header_footer","meta":{"footnotes":""},"class_list":["post-6716","page","type-page","status-publish","has-post-thumbnail","hentry"],"yoast_head":"<!-- This site is optimized with the Yoast SEO plugin v27.1.1 - https:\/\/yoast.com\/product\/yoast-seo-wordpress\/ -->\n<title>Pol\u00edtica de Tratamiento de Datos - Megadvantage<\/title>\n<meta name=\"description\" content=\"Conoce nuestra Pol\u00edtica de Tratamiento de Datos. Seguridad y confiabilidad durante todo el proceso.\" \/>\n<meta name=\"robots\" content=\"index, follow, max-snippet:-1, max-image-preview:large, max-video-preview:-1\" \/>\n<link rel=\"canonical\" href=\"https:\/\/megadvantage.com\/en\/politica-de-tratamiento-de-datos\/\" \/>\n<meta property=\"og:locale\" content=\"en_US\" \/>\n<meta property=\"og:type\" content=\"article\" \/>\n<meta property=\"og:title\" content=\"Pol\u00edtica de Tratamiento de Datos - Megadvantage\" \/>\n<meta property=\"og:description\" content=\"Conoce nuestra Pol\u00edtica de Tratamiento de Datos. Seguridad y confiabilidad durante todo el proceso.\" \/>\n<meta property=\"og:url\" content=\"https:\/\/megadvantage.com\/en\/politica-de-tratamiento-de-datos\/\" \/>\n<meta property=\"og:site_name\" content=\"Megadvantage\" \/>\n<meta property=\"article:modified_time\" content=\"2022-12-06T23:45:09+00:00\" \/>\n<meta property=\"og:image\" content=\"https:\/\/megadvantage.com\/wp-content\/uploads\/2019\/11\/project-details-4.jpg\" \/>\n\t<meta property=\"og:image:width\" content=\"1170\" \/>\n\t<meta property=\"og:image:height\" content=\"700\" \/>\n\t<meta property=\"og:image:type\" content=\"image\/jpeg\" \/>\n<meta name=\"twitter:card\" content=\"summary_large_image\" \/>\n<meta name=\"twitter:label1\" content=\"Est. reading time\" \/>\n\t<meta name=\"twitter:data1\" content=\"10 minutes\" \/>\n<script type=\"application\/ld+json\" class=\"yoast-schema-graph\">{\"@context\":\"https:\/\/schema.org\",\"@graph\":[{\"@type\":\"WebPage\",\"@id\":\"https:\/\/megadvantage.com\/politica-de-tratamiento-de-datos\/\",\"url\":\"https:\/\/megadvantage.com\/politica-de-tratamiento-de-datos\/\",\"name\":\"Pol\u00edtica de Tratamiento de Datos - Megadvantage\",\"isPartOf\":{\"@id\":\"https:\/\/megadvantage.com\/#website\"},\"primaryImageOfPage\":{\"@id\":\"https:\/\/megadvantage.com\/politica-de-tratamiento-de-datos\/#primaryimage\"},\"image\":{\"@id\":\"https:\/\/megadvantage.com\/politica-de-tratamiento-de-datos\/#primaryimage\"},\"thumbnailUrl\":\"https:\/\/megadvantage.com\/wp-content\/uploads\/2019\/11\/project-details-4.jpg\",\"datePublished\":\"2022-12-06T01:16:22+00:00\",\"dateModified\":\"2022-12-06T23:45:09+00:00\",\"description\":\"Conoce nuestra Pol\u00edtica de Tratamiento de Datos. Seguridad y confiabilidad durante todo el proceso.\",\"breadcrumb\":{\"@id\":\"https:\/\/megadvantage.com\/politica-de-tratamiento-de-datos\/#breadcrumb\"},\"inLanguage\":\"en-US\",\"potentialAction\":[{\"@type\":\"ReadAction\",\"target\":[\"https:\/\/megadvantage.com\/politica-de-tratamiento-de-datos\/\"]}]},{\"@type\":\"ImageObject\",\"inLanguage\":\"en-US\",\"@id\":\"https:\/\/megadvantage.com\/politica-de-tratamiento-de-datos\/#primaryimage\",\"url\":\"https:\/\/megadvantage.com\/wp-content\/uploads\/2019\/11\/project-details-4.jpg\",\"contentUrl\":\"https:\/\/megadvantage.com\/wp-content\/uploads\/2019\/11\/project-details-4.jpg\",\"width\":1170,\"height\":700},{\"@type\":\"BreadcrumbList\",\"@id\":\"https:\/\/megadvantage.com\/politica-de-tratamiento-de-datos\/#breadcrumb\",\"itemListElement\":[{\"@type\":\"ListItem\",\"position\":1,\"name\":\"Inicio\",\"item\":\"https:\/\/megadvantage.com\/\"},{\"@type\":\"ListItem\",\"position\":2,\"name\":\"Pol\u00edtica de Tratamiento de Datos\"}]},{\"@type\":\"WebSite\",\"@id\":\"https:\/\/megadvantage.com\/#website\",\"url\":\"https:\/\/megadvantage.com\/\",\"name\":\"Megadvantage\",\"description\":\"Soluciones y Servicios TIC\",\"publisher\":{\"@id\":\"https:\/\/megadvantage.com\/#organization\"},\"potentialAction\":[{\"@type\":\"SearchAction\",\"target\":{\"@type\":\"EntryPoint\",\"urlTemplate\":\"https:\/\/megadvantage.com\/?s={search_term_string}\"},\"query-input\":{\"@type\":\"PropertyValueSpecification\",\"valueRequired\":true,\"valueName\":\"search_term_string\"}}],\"inLanguage\":\"en-US\"},{\"@type\":\"Organization\",\"@id\":\"https:\/\/megadvantage.com\/#organization\",\"name\":\"Megadvantage\",\"url\":\"https:\/\/megadvantage.com\/\",\"logo\":{\"@type\":\"ImageObject\",\"inLanguage\":\"en-US\",\"@id\":\"https:\/\/megadvantage.com\/#\/schema\/logo\/image\/\",\"url\":\"https:\/\/megadvantage.com\/wp-content\/uploads\/2022\/05\/Megadvantage-logo.png\",\"contentUrl\":\"https:\/\/megadvantage.com\/wp-content\/uploads\/2022\/05\/Megadvantage-logo.png\",\"width\":1011,\"height\":662,\"caption\":\"Megadvantage\"},\"image\":{\"@id\":\"https:\/\/megadvantage.com\/#\/schema\/logo\/image\/\"},\"sameAs\":[\"https:\/\/co.linkedin.com\/company\/megadvantage\"]}]}<\/script>\n<!-- \/ Yoast SEO plugin. -->","yoast_head_json":{"title":"Pol\u00edtica de Tratamiento de Datos - Megadvantage","description":"Conoce nuestra Pol\u00edtica de Tratamiento de Datos. Seguridad y confiabilidad durante todo el proceso.","robots":{"index":"index","follow":"follow","max-snippet":"max-snippet:-1","max-image-preview":"max-image-preview:large","max-video-preview":"max-video-preview:-1"},"canonical":"https:\/\/megadvantage.com\/en\/politica-de-tratamiento-de-datos\/","og_locale":"en_US","og_type":"article","og_title":"Pol\u00edtica de Tratamiento de Datos - Megadvantage","og_description":"Conoce nuestra Pol\u00edtica de Tratamiento de Datos. Seguridad y confiabilidad durante todo el proceso.","og_url":"https:\/\/megadvantage.com\/en\/politica-de-tratamiento-de-datos\/","og_site_name":"Megadvantage","article_modified_time":"2022-12-06T23:45:09+00:00","og_image":[{"width":1170,"height":700,"url":"https:\/\/megadvantage.com\/wp-content\/uploads\/2019\/11\/project-details-4.jpg","type":"image\/jpeg"}],"twitter_card":"summary_large_image","twitter_misc":{"Est. reading time":"10 minutes"},"schema":{"@context":"https:\/\/schema.org","@graph":[{"@type":"WebPage","@id":"https:\/\/megadvantage.com\/politica-de-tratamiento-de-datos\/","url":"https:\/\/megadvantage.com\/politica-de-tratamiento-de-datos\/","name":"Pol\u00edtica de Tratamiento de Datos - Megadvantage","isPartOf":{"@id":"https:\/\/megadvantage.com\/#website"},"primaryImageOfPage":{"@id":"https:\/\/megadvantage.com\/politica-de-tratamiento-de-datos\/#primaryimage"},"image":{"@id":"https:\/\/megadvantage.com\/politica-de-tratamiento-de-datos\/#primaryimage"},"thumbnailUrl":"https:\/\/megadvantage.com\/wp-content\/uploads\/2019\/11\/project-details-4.jpg","datePublished":"2022-12-06T01:16:22+00:00","dateModified":"2022-12-06T23:45:09+00:00","description":"Conoce nuestra Pol\u00edtica de Tratamiento de Datos. Seguridad y confiabilidad durante todo el proceso.","breadcrumb":{"@id":"https:\/\/megadvantage.com\/politica-de-tratamiento-de-datos\/#breadcrumb"},"inLanguage":"en-US","potentialAction":[{"@type":"ReadAction","target":["https:\/\/megadvantage.com\/politica-de-tratamiento-de-datos\/"]}]},{"@type":"ImageObject","inLanguage":"en-US","@id":"https:\/\/megadvantage.com\/politica-de-tratamiento-de-datos\/#primaryimage","url":"https:\/\/megadvantage.com\/wp-content\/uploads\/2019\/11\/project-details-4.jpg","contentUrl":"https:\/\/megadvantage.com\/wp-content\/uploads\/2019\/11\/project-details-4.jpg","width":1170,"height":700},{"@type":"BreadcrumbList","@id":"https:\/\/megadvantage.com\/politica-de-tratamiento-de-datos\/#breadcrumb","itemListElement":[{"@type":"ListItem","position":1,"name":"Inicio","item":"https:\/\/megadvantage.com\/"},{"@type":"ListItem","position":2,"name":"Pol\u00edtica de Tratamiento de Datos"}]},{"@type":"WebSite","@id":"https:\/\/megadvantage.com\/#website","url":"https:\/\/megadvantage.com\/","name":"megaadvantage","description":"ICT Solutions and Services","publisher":{"@id":"https:\/\/megadvantage.com\/#organization"},"potentialAction":[{"@type":"SearchAction","target":{"@type":"EntryPoint","urlTemplate":"https:\/\/megadvantage.com\/?s={search_term_string}"},"query-input":{"@type":"PropertyValueSpecification","valueRequired":true,"valueName":"search_term_string"}}],"inLanguage":"en-US"},{"@type":"Organization","@id":"https:\/\/megadvantage.com\/#organization","name":"megaadvantage","url":"https:\/\/megadvantage.com\/","logo":{"@type":"ImageObject","inLanguage":"en-US","@id":"https:\/\/megadvantage.com\/#\/schema\/logo\/image\/","url":"https:\/\/megadvantage.com\/wp-content\/uploads\/2022\/05\/Megadvantage-logo.png","contentUrl":"https:\/\/megadvantage.com\/wp-content\/uploads\/2022\/05\/Megadvantage-logo.png","width":1011,"height":662,"caption":"Megadvantage"},"image":{"@id":"https:\/\/megadvantage.com\/#\/schema\/logo\/image\/"},"sameAs":["https:\/\/co.linkedin.com\/company\/megadvantage"]}]}},"_links":{"self":[{"href":"https:\/\/megadvantage.com\/en\/wp-json\/wp\/v2\/pages\/6716","targetHints":{"allow":["GET"]}}],"collection":[{"href":"https:\/\/megadvantage.com\/en\/wp-json\/wp\/v2\/pages"}],"about":[{"href":"https:\/\/megadvantage.com\/en\/wp-json\/wp\/v2\/types\/page"}],"author":[{"embeddable":true,"href":"https:\/\/megadvantage.com\/en\/wp-json\/wp\/v2\/users\/1"}],"replies":[{"embeddable":true,"href":"https:\/\/megadvantage.com\/en\/wp-json\/wp\/v2\/comments?post=6716"}],"version-history":[{"count":0,"href":"https:\/\/megadvantage.com\/en\/wp-json\/wp\/v2\/pages\/6716\/revisions"}],"wp:featuredmedia":[{"embeddable":true,"href":"https:\/\/megadvantage.com\/en\/wp-json\/wp\/v2\/media\/1930"}],"wp:attachment":[{"href":"https:\/\/megadvantage.com\/en\/wp-json\/wp\/v2\/media?parent=6716"}],"curies":[{"name":"wp","href":"https:\/\/api.w.org\/{rel}","templated":true}]}}