{"id":5339,"date":"2022-06-06T17:45:50","date_gmt":"2022-06-06T22:45:50","guid":{"rendered":"https:\/\/megadvantage.com\/?page_id=5339"},"modified":"2024-06-23T15:41:38","modified_gmt":"2024-06-23T20:41:38","slug":"servicios","status":"publish","type":"page","link":"https:\/\/megadvantage.com\/en\/soluciones\/servicios\/","title":{"rendered":"Services"},"content":{"rendered":"<div data-elementor-type=\"wp-page\" data-elementor-id=\"5339\" class=\"elementor elementor-5339\" data-elementor-post-type=\"page\">\n\t\t\t\t\t\t<section class=\"elementor-section elementor-top-section elementor-element elementor-element-18e3daf ot-traditional elementor-section-boxed elementor-section-height-default elementor-section-height-default\" data-id=\"18e3daf\" data-element_type=\"section\" data-e-type=\"section\">\n\t\t\t\t\t\t<div class=\"elementor-container elementor-column-gap-default\">\n\t\t\t\t\t<div class=\"elementor-column elementor-col-50 elementor-top-column elementor-element elementor-element-62ea3e3 ot-column-items-center ot-flex-column-vertical\" data-id=\"62ea3e3\" data-element_type=\"column\" data-e-type=\"column\">\n\t\t\t<div class=\"elementor-widget-wrap elementor-element-populated\">\n\t\t\t\t\t\t<div class=\"elementor-element elementor-element-ace2753 elementor-widget__width-initial elementor-widget elementor-widget-iheading\" data-id=\"ace2753\" data-element_type=\"widget\" data-e-type=\"widget\" data-widget_type=\"iheading.default\">\n\t\t\t\t<div class=\"elementor-widget-container\">\n\t\t\t\t\t\t\t<div class=\"ot-heading\">\r\n\t        \t            <span>\/\/ Actual results<\/span>\r\n\t        <h2 class=\"main-heading\">Provision of services through expert teams\u00a0<\/h2>\t    <\/div>\r\n\t    \t\t\t\t<\/div>\n\t\t\t\t<\/div>\n\t\t\t\t<div class=\"elementor-element elementor-element-6a724285 elementor-widget-tablet_extra__width-initial elementor-widget elementor-widget-text-editor\" data-id=\"6a724285\" data-element_type=\"widget\" data-e-type=\"widget\" data-widget_type=\"text-editor.default\">\n\t\t\t\t<div class=\"elementor-widget-container\">\n\t\t\t\t\t\t\t\t\t<p><strong>Connections powered by robust, digitally integrated services. <\/strong>Competitive advantage that will produce real results.<\/p>\t\t\t\t\t\t\t\t<\/div>\n\t\t\t\t<\/div>\n\t\t\t\t\t<\/div>\n\t\t<\/div>\n\t\t\t\t<div class=\"elementor-column elementor-col-50 elementor-top-column elementor-element elementor-element-ce7d1f6 ot-flex-column-vertical\" data-id=\"ce7d1f6\" data-element_type=\"column\" data-e-type=\"column\">\n\t\t\t<div class=\"elementor-widget-wrap elementor-element-populated\">\n\t\t\t\t\t\t<div class=\"elementor-element elementor-element-af442e5 elementor-widget elementor-widget-image\" data-id=\"af442e5\" data-element_type=\"widget\" data-e-type=\"widget\" data-widget_type=\"image.default\">\n\t\t\t\t<div class=\"elementor-widget-container\">\n\t\t\t\t\t\t\t\t\t\t\t\t\t\t\t<img fetchpriority=\"high\" decoding=\"async\" width=\"570\" height=\"270\" src=\"https:\/\/megadvantage.com\/wp-content\/uploads\/2024\/06\/Megadvantage-banner-05.png\" class=\"elementor-animation-grow attachment-full size-full wp-image-7022\" alt=\"\" srcset=\"https:\/\/megadvantage.com\/wp-content\/uploads\/2024\/06\/Megadvantage-banner-05.png 570w, https:\/\/megadvantage.com\/wp-content\/uploads\/2024\/06\/Megadvantage-banner-05-300x142.png 300w, https:\/\/megadvantage.com\/wp-content\/uploads\/2024\/06\/Megadvantage-banner-05-18x9.png 18w\" sizes=\"(max-width: 570px) 100vw, 570px\" \/>\t\t\t\t\t\t\t\t\t\t\t\t\t\t\t<\/div>\n\t\t\t\t<\/div>\n\t\t\t\t\t<\/div>\n\t\t<\/div>\n\t\t\t\t\t<\/div>\n\t\t<\/section>\n\t\t\t\t<section class=\"elementor-section elementor-top-section elementor-element elementor-element-f6bbc7a ot-traditional elementor-section-boxed elementor-section-height-default elementor-section-height-default\" data-id=\"f6bbc7a\" data-element_type=\"section\" data-e-type=\"section\" data-settings=\"{&quot;background_background&quot;:&quot;classic&quot;}\">\n\t\t\t\t\t\t<div class=\"elementor-container elementor-column-gap-default\">\n\t\t\t\t\t<div class=\"elementor-column elementor-col-100 elementor-top-column elementor-element elementor-element-ea1b4b6 ot-flex-column-vertical\" data-id=\"ea1b4b6\" data-element_type=\"column\" data-e-type=\"column\">\n\t\t\t<div class=\"elementor-widget-wrap elementor-element-populated\">\n\t\t\t\t\t\t<div class=\"elementor-element elementor-element-155aac8d elementor-widget elementor-widget-iheading\" data-id=\"155aac8d\" data-element_type=\"widget\" data-e-type=\"widget\" data-widget_type=\"iheading.default\">\n\t\t\t\t<div class=\"elementor-widget-container\">\n\t\t\t\t\t\t\t<div class=\"ot-heading\">\r\n\t        \t            <span>\/\/ Our services<\/span>\r\n\t        <h2 class=\"main-heading\">Designed to support <br>all your business<\/h2>\t    <\/div>\r\n\t    \t\t\t\t<\/div>\n\t\t\t\t<\/div>\n\t\t\t\t<section class=\"elementor-section elementor-inner-section elementor-element elementor-element-6bdb1cc4 elementor-section-full_width ot-traditional elementor-section-height-default elementor-section-height-default\" data-id=\"6bdb1cc4\" data-element_type=\"section\" data-e-type=\"section\">\n\t\t\t\t\t\t<div class=\"elementor-container elementor-column-gap-extended\">\n\t\t\t\t\t<div class=\"elementor-column elementor-col-33 elementor-inner-column elementor-element elementor-element-13d11905 ot-flex-column-vertical\" data-id=\"13d11905\" data-element_type=\"column\" data-e-type=\"column\">\n\t\t\t<div class=\"elementor-widget-wrap elementor-element-populated\">\n\t\t\t\t\t\t<div class=\"elementor-element elementor-element-5e7cab97 elementor-widget elementor-widget-iserv_box\" data-id=\"5e7cab97\" data-element_type=\"widget\" data-e-type=\"widget\" data-widget_type=\"iserv_box.default\">\n\t\t\t\t<div class=\"elementor-widget-container\">\n\t\t\t\t\t\r\n\t\t<div class=\"serv-box s1 elementor-animation-\">\r\n\t\t\t\t\t\t<div class=\"icon-main\">\r\n\t\t        \t\t\t    \t\t        <span class=\"flaticon-code\"><\/span>\t        <\/div>\r\n\t        <div class=\"content-box\">\r\n\t            <h5>Install<\/h5>\r\n\t            <div>Specialized services for the implementation of solutions in accordance with the established scope. Guaranteeing the satisfaction of our customers.\n<\/div>\t        <\/div>\r\n\t    <\/div>\r\n\r\n\t    \t\t\t\t<\/div>\n\t\t\t\t<\/div>\n\t\t\t\t\t<\/div>\n\t\t<\/div>\n\t\t\t\t<div class=\"elementor-column elementor-col-33 elementor-inner-column elementor-element elementor-element-37220405 ot-flex-column-vertical\" data-id=\"37220405\" data-element_type=\"column\" data-e-type=\"column\">\n\t\t\t<div class=\"elementor-widget-wrap elementor-element-populated\">\n\t\t\t\t\t\t<div class=\"elementor-element elementor-element-18b745f0 elementor-widget elementor-widget-iserv_box\" data-id=\"18b745f0\" data-element_type=\"widget\" data-e-type=\"widget\" data-widget_type=\"iserv_box.default\">\n\t\t\t\t<div class=\"elementor-widget-container\">\n\t\t\t\t\t\r\n\t\t<div class=\"serv-box s1 elementor-animation-\">\r\n\t\t\t\t\t\t<div class=\"icon-main\">\r\n\t\t        \t\t\t    \t\t        <span class=\"flaticon-report\"><\/span>\t        <\/div>\r\n\t        <div class=\"content-box\">\r\n\t            <h5>Manage<\/h5>\r\n\t            <div>We provide high quality services to optimize the operation of our clients through the maintenance and monitoring of the contracted solutions.<\/div>\t        <\/div>\r\n\t    <\/div>\r\n\r\n\t    \t\t\t\t<\/div>\n\t\t\t\t<\/div>\n\t\t\t\t\t<\/div>\n\t\t<\/div>\n\t\t\t\t<div class=\"elementor-column elementor-col-33 elementor-inner-column elementor-element elementor-element-2a96f128 ot-flex-column-vertical\" data-id=\"2a96f128\" data-element_type=\"column\" data-e-type=\"column\">\n\t\t\t<div class=\"elementor-widget-wrap elementor-element-populated\">\n\t\t\t\t\t\t<div class=\"elementor-element elementor-element-7da710de elementor-widget elementor-widget-iserv_box\" data-id=\"7da710de\" data-element_type=\"widget\" data-e-type=\"widget\" data-widget_type=\"iserv_box.default\">\n\t\t\t\t<div class=\"elementor-widget-container\">\n\t\t\t\t\t\r\n\t\t<div class=\"serv-box s1 elementor-animation-\">\r\n\t\t\t\t\t\t<div class=\"icon-main\">\r\n\t\t        \t\t\t    \t\t        <span class=\"flaticon-shield\"><\/span>\t        <\/div>\r\n\t        <div class=\"content-box\">\r\n\t            <h5>Put up with<\/h5>\r\n\t            <div>Attention to queries and technical support of the solutions included, which will be provided in accordance with the characteristics of the service contracted by the client.<\/div>\t        <\/div>\r\n\t    <\/div>\r\n\r\n\t    \t\t\t\t<\/div>\n\t\t\t\t<\/div>\n\t\t\t\t\t<\/div>\n\t\t<\/div>\n\t\t\t\t\t<\/div>\n\t\t<\/section>\n\t\t\t\t\t<\/div>\n\t\t<\/div>\n\t\t\t\t\t<\/div>\n\t\t<\/section>\n\t\t\t\t<section class=\"elementor-section elementor-top-section elementor-element elementor-element-03e192f ot-traditional elementor-section-boxed elementor-section-height-default elementor-section-height-default\" data-id=\"03e192f\" data-element_type=\"section\" data-e-type=\"section\">\n\t\t\t\t\t\t<div class=\"elementor-container elementor-column-gap-default\">\n\t\t\t\t\t<div class=\"elementor-column elementor-col-50 elementor-top-column elementor-element elementor-element-2253d85 ot-flex-column-vertical\" data-id=\"2253d85\" data-element_type=\"column\" data-e-type=\"column\">\n\t\t\t<div class=\"elementor-widget-wrap elementor-element-populated\">\n\t\t\t\t\t\t<div class=\"elementor-element elementor-element-0ffed25 elementor-widget elementor-widget-image\" data-id=\"0ffed25\" data-element_type=\"widget\" data-e-type=\"widget\" data-widget_type=\"image.default\">\n\t\t\t\t<div class=\"elementor-widget-container\">\n\t\t\t\t\t\t\t\t\t\t\t\t\t\t\t<img decoding=\"async\" width=\"1792\" height=\"1024\" src=\"https:\/\/megadvantage.com\/wp-content\/uploads\/2024\/06\/Persona-corporativa-viendo-a-laptop-02.jpeg\" class=\"elementor-animation-grow attachment-full size-full wp-image-7026\" alt=\"\" srcset=\"https:\/\/megadvantage.com\/wp-content\/uploads\/2024\/06\/Persona-corporativa-viendo-a-laptop-02.jpeg 1792w, https:\/\/megadvantage.com\/wp-content\/uploads\/2024\/06\/Persona-corporativa-viendo-a-laptop-02-300x171.jpeg 300w, https:\/\/megadvantage.com\/wp-content\/uploads\/2024\/06\/Persona-corporativa-viendo-a-laptop-02-1024x585.jpeg 1024w, https:\/\/megadvantage.com\/wp-content\/uploads\/2024\/06\/Persona-corporativa-viendo-a-laptop-02-768x439.jpeg 768w, https:\/\/megadvantage.com\/wp-content\/uploads\/2024\/06\/Persona-corporativa-viendo-a-laptop-02-1536x878.jpeg 1536w, https:\/\/megadvantage.com\/wp-content\/uploads\/2024\/06\/Persona-corporativa-viendo-a-laptop-02-18x10.jpeg 18w, https:\/\/megadvantage.com\/wp-content\/uploads\/2024\/06\/Persona-corporativa-viendo-a-laptop-02-720x411.jpeg 720w\" sizes=\"(max-width: 1792px) 100vw, 1792px\" \/>\t\t\t\t\t\t\t\t\t\t\t\t\t\t\t<\/div>\n\t\t\t\t<\/div>\n\t\t\t\t\t<\/div>\n\t\t<\/div>\n\t\t\t\t<div class=\"elementor-column elementor-col-50 elementor-top-column elementor-element elementor-element-f1b20db ot-column-items-center ot-flex-column-vertical\" data-id=\"f1b20db\" data-element_type=\"column\" data-e-type=\"column\">\n\t\t\t<div class=\"elementor-widget-wrap elementor-element-populated\">\n\t\t\t\t\t\t<div class=\"elementor-element elementor-element-6654f17 elementor-widget__width-initial elementor-widget elementor-widget-iheading\" data-id=\"6654f17\" data-element_type=\"widget\" data-e-type=\"widget\" data-widget_type=\"iheading.default\">\n\t\t\t\t<div class=\"elementor-widget-container\">\n\t\t\t\t\t\t\t<div class=\"ot-heading\">\r\n\t        \t            <span>\/\/ Support throughout the process<\/span>\r\n\t        <h2 class=\"main-heading\">An own and highly qualified labor force<\/h2>\t    <\/div>\r\n\t    \t\t\t\t<\/div>\n\t\t\t\t<\/div>\n\t\t\t\t<div class=\"elementor-element elementor-element-85e68f9 elementor-widget elementor-widget-text-editor\" data-id=\"85e68f9\" data-element_type=\"widget\" data-e-type=\"widget\" data-widget_type=\"text-editor.default\">\n\t\t\t\t<div class=\"elementor-widget-container\">\n\t\t\t\t\t\t\t\t\t<p>Recognized by analysts and industry experts. We are driven by a passion to achieve the amazing and <strong>a deep desire to deliver real results to our clients.<\/strong><\/p><p>We are inspired to be the best at what we do.<\/p>\t\t\t\t\t\t\t\t<\/div>\n\t\t\t\t<\/div>\n\t\t\t\t\t<\/div>\n\t\t<\/div>\n\t\t\t\t\t<\/div>\n\t\t<\/section>\n\t\t\t\t<section class=\"elementor-section elementor-top-section elementor-element elementor-element-2d611bdc ot-traditional elementor-section-boxed elementor-section-height-default elementor-section-height-default\" data-id=\"2d611bdc\" data-element_type=\"section\" data-e-type=\"section\" data-settings=\"{&quot;background_background&quot;:&quot;classic&quot;}\">\n\t\t\t\t\t\t<div class=\"elementor-container elementor-column-gap-default\">\n\t\t\t\t\t<div class=\"elementor-column elementor-col-100 elementor-top-column elementor-element elementor-element-125c9712 ot-flex-column-vertical\" data-id=\"125c9712\" data-element_type=\"column\" data-e-type=\"column\">\n\t\t\t<div class=\"elementor-widget-wrap elementor-element-populated\">\n\t\t\t\t\t\t<section class=\"elementor-section elementor-inner-section elementor-element elementor-element-7fac9abc elementor-section-full_width elementor-section-content-bottom ot-traditional elementor-section-height-default elementor-section-height-default\" data-id=\"7fac9abc\" data-element_type=\"section\" data-e-type=\"section\" data-settings=\"{&quot;background_background&quot;:&quot;classic&quot;}\">\n\t\t\t\t\t\t\t<div class=\"elementor-background-overlay\"><\/div>\n\t\t\t\t\t\t\t<div class=\"elementor-container elementor-column-gap-default\">\n\t\t\t\t\t<div class=\"elementor-column elementor-col-50 elementor-inner-column elementor-element elementor-element-6f053872 ot-flex-column-vertical\" data-id=\"6f053872\" data-element_type=\"column\" data-e-type=\"column\">\n\t\t\t<div class=\"elementor-widget-wrap elementor-element-populated\">\n\t\t\t\t\t\t<div class=\"elementor-element elementor-element-2c58f902 elementor-widget elementor-widget-iheading\" data-id=\"2c58f902\" data-element_type=\"widget\" data-e-type=\"widget\" data-widget_type=\"iheading.default\">\n\t\t\t\t<div class=\"elementor-widget-container\">\n\t\t\t\t\t\t\t<div class=\"ot-heading\">\r\n\t        \t            <span>\/\/ Achievement of goals<\/span>\r\n\t        <h2 class=\"main-heading\">Knowledge appropriation\n<\/h2>\t    <\/div>\r\n\t    \t\t\t\t<\/div>\n\t\t\t\t<\/div>\n\t\t\t\t<div class=\"elementor-element elementor-element-72b39619 elementor-widget__width-initial elementor-widget elementor-widget-text-editor\" data-id=\"72b39619\" data-element_type=\"widget\" data-e-type=\"widget\" data-widget_type=\"text-editor.default\">\n\t\t\t\t<div class=\"elementor-widget-container\">\n\t\t\t\t\t\t\t\t\t<p>No matter where you see your business headed, with Megaadvantage, you can get there. With physical and virtual operations, we offer the best workforce in the industry.<\/p>\t\t\t\t\t\t\t\t<\/div>\n\t\t\t\t<\/div>\n\t\t\t\t\t<\/div>\n\t\t<\/div>\n\t\t\t\t<div class=\"elementor-column elementor-col-50 elementor-inner-column elementor-element elementor-element-61feec58 ot-flex-column-vertical\" data-id=\"61feec58\" data-element_type=\"column\" data-e-type=\"column\">\n\t\t\t<div class=\"elementor-widget-wrap elementor-element-populated\">\n\t\t\t\t\t\t<div class=\"elementor-element elementor-element-2df7c303 elementor-align-right elementor-mobile-align-center elementor-widget elementor-widget-button\" data-id=\"2df7c303\" data-element_type=\"widget\" data-e-type=\"widget\" data-widget_type=\"button.default\">\n\t\t\t\t<div class=\"elementor-widget-container\">\n\t\t\t\t\t\t\t\t\t<div class=\"elementor-button-wrapper\">\n\t\t\t\t\t<a class=\"elementor-button elementor-size-md\" role=\"button\">\n\t\t\t\t\t\t<span class=\"elementor-button-content-wrapper\">\n\t\t\t\t\t\t\t\t\t<span class=\"elementor-button-text\">contact us<\/span>\n\t\t\t\t\t<\/span>\n\t\t\t\t\t<\/a>\n\t\t\t\t<\/div>\n\t\t\t\t\t\t\t\t<\/div>\n\t\t\t\t<\/div>\n\t\t\t\t\t<\/div>\n\t\t<\/div>\n\t\t\t\t\t<\/div>\n\t\t<\/section>\n\t\t\t\t\t<\/div>\n\t\t<\/div>\n\t\t\t\t\t<\/div>\n\t\t<\/section>\n\t\t\t\t<\/div>","protected":false},"excerpt":{"rendered":"<p>\/\/ Resultados reales Prestaci\u00f3n de servicios a trav\u00e9s de equipos expertos\u00a0 Conexiones impulsadas por servicios s\u00f3lidos e integrados digitalmente. Ventaja competitiva que producir\u00e1 resultados reales. \/\/ Nuestros servicios Dise\u00f1ados para respaldar todo su negocio Instalar Servicios especializados para la implementaci\u00f3n de las soluciones de acuerdo con el alcance establecido. Garantizando la satisfacci\u00f3n de nuestros clientes. [&hellip;]<\/p>\n","protected":false},"author":1,"featured_media":2501,"parent":2407,"menu_order":0,"comment_status":"closed","ping_status":"closed","template":"","meta":{"footnotes":""},"class_list":["post-5339","page","type-page","status-publish","has-post-thumbnail","hentry"],"yoast_head":"<!-- This site is optimized with the Yoast SEO plugin v27.1.1 - https:\/\/yoast.com\/product\/yoast-seo-wordpress\/ -->\n<title>Servicios - Megadvantage<\/title>\n<meta name=\"description\" content=\"Conexiones impulsadas por servicios s\u00f3lidos e integrados digitalmente. Ventaja competitiva que producir\u00e1 resultados reales.\" \/>\n<meta name=\"robots\" content=\"index, follow, max-snippet:-1, max-image-preview:large, max-video-preview:-1\" \/>\n<link rel=\"canonical\" href=\"https:\/\/megadvantage.com\/en\/soluciones\/servicios\/\" \/>\n<meta property=\"og:locale\" content=\"en_US\" \/>\n<meta property=\"og:type\" content=\"article\" \/>\n<meta property=\"og:title\" content=\"Servicios - Megadvantage\" \/>\n<meta property=\"og:description\" content=\"Conexiones impulsadas por servicios s\u00f3lidos e integrados digitalmente. Ventaja competitiva que producir\u00e1 resultados reales.\" \/>\n<meta property=\"og:url\" content=\"https:\/\/megadvantage.com\/en\/soluciones\/servicios\/\" \/>\n<meta property=\"og:site_name\" content=\"Megadvantage\" \/>\n<meta property=\"article:modified_time\" content=\"2024-06-23T20:41:38+00:00\" \/>\n<meta property=\"og:image\" content=\"https:\/\/megadvantage.com\/wp-content\/uploads\/2020\/03\/banner-home3.jpg\" \/>\n\t<meta property=\"og:image:width\" content=\"1920\" \/>\n\t<meta property=\"og:image:height\" content=\"850\" \/>\n\t<meta property=\"og:image:type\" content=\"image\/jpeg\" \/>\n<meta name=\"twitter:card\" content=\"summary_large_image\" \/>\n<meta name=\"twitter:label1\" content=\"Est. reading time\" \/>\n\t<meta name=\"twitter:data1\" content=\"2 minutes\" \/>\n<script type=\"application\/ld+json\" class=\"yoast-schema-graph\">{\"@context\":\"https:\/\/schema.org\",\"@graph\":[{\"@type\":\"WebPage\",\"@id\":\"https:\/\/megadvantage.com\/soluciones\/servicios\/\",\"url\":\"https:\/\/megadvantage.com\/soluciones\/servicios\/\",\"name\":\"Servicios - Megadvantage\",\"isPartOf\":{\"@id\":\"https:\/\/megadvantage.com\/#website\"},\"primaryImageOfPage\":{\"@id\":\"https:\/\/megadvantage.com\/soluciones\/servicios\/#primaryimage\"},\"image\":{\"@id\":\"https:\/\/megadvantage.com\/soluciones\/servicios\/#primaryimage\"},\"thumbnailUrl\":\"https:\/\/megadvantage.com\/wp-content\/uploads\/2020\/03\/banner-home3.jpg\",\"datePublished\":\"2022-06-06T22:45:50+00:00\",\"dateModified\":\"2024-06-23T20:41:38+00:00\",\"description\":\"Conexiones impulsadas por servicios s\u00f3lidos e integrados digitalmente. Ventaja competitiva que producir\u00e1 resultados reales.\",\"breadcrumb\":{\"@id\":\"https:\/\/megadvantage.com\/soluciones\/servicios\/#breadcrumb\"},\"inLanguage\":\"en-US\",\"potentialAction\":[{\"@type\":\"ReadAction\",\"target\":[\"https:\/\/megadvantage.com\/soluciones\/servicios\/\"]}]},{\"@type\":\"ImageObject\",\"inLanguage\":\"en-US\",\"@id\":\"https:\/\/megadvantage.com\/soluciones\/servicios\/#primaryimage\",\"url\":\"https:\/\/megadvantage.com\/wp-content\/uploads\/2020\/03\/banner-home3.jpg\",\"contentUrl\":\"https:\/\/megadvantage.com\/wp-content\/uploads\/2020\/03\/banner-home3.jpg\",\"width\":1920,\"height\":850},{\"@type\":\"BreadcrumbList\",\"@id\":\"https:\/\/megadvantage.com\/soluciones\/servicios\/#breadcrumb\",\"itemListElement\":[{\"@type\":\"ListItem\",\"position\":1,\"name\":\"Inicio\",\"item\":\"https:\/\/megadvantage.com\/\"},{\"@type\":\"ListItem\",\"position\":2,\"name\":\"Soluciones\",\"item\":\"https:\/\/megadvantage.com\/soluciones\/\"},{\"@type\":\"ListItem\",\"position\":3,\"name\":\"Servicios\"}]},{\"@type\":\"WebSite\",\"@id\":\"https:\/\/megadvantage.com\/#website\",\"url\":\"https:\/\/megadvantage.com\/\",\"name\":\"Megadvantage\",\"description\":\"Soluciones y Servicios TIC\",\"publisher\":{\"@id\":\"https:\/\/megadvantage.com\/#organization\"},\"potentialAction\":[{\"@type\":\"SearchAction\",\"target\":{\"@type\":\"EntryPoint\",\"urlTemplate\":\"https:\/\/megadvantage.com\/?s={search_term_string}\"},\"query-input\":{\"@type\":\"PropertyValueSpecification\",\"valueRequired\":true,\"valueName\":\"search_term_string\"}}],\"inLanguage\":\"en-US\"},{\"@type\":\"Organization\",\"@id\":\"https:\/\/megadvantage.com\/#organization\",\"name\":\"Megadvantage\",\"url\":\"https:\/\/megadvantage.com\/\",\"logo\":{\"@type\":\"ImageObject\",\"inLanguage\":\"en-US\",\"@id\":\"https:\/\/megadvantage.com\/#\/schema\/logo\/image\/\",\"url\":\"https:\/\/megadvantage.com\/wp-content\/uploads\/2022\/05\/Megadvantage-logo.png\",\"contentUrl\":\"https:\/\/megadvantage.com\/wp-content\/uploads\/2022\/05\/Megadvantage-logo.png\",\"width\":1011,\"height\":662,\"caption\":\"Megadvantage\"},\"image\":{\"@id\":\"https:\/\/megadvantage.com\/#\/schema\/logo\/image\/\"},\"sameAs\":[\"https:\/\/co.linkedin.com\/company\/megadvantage\"]}]}<\/script>\n<!-- \/ Yoast SEO plugin. -->","yoast_head_json":{"title":"Servicios - Megadvantage","description":"Conexiones impulsadas por servicios s\u00f3lidos e integrados digitalmente. Ventaja competitiva que producir\u00e1 resultados reales.","robots":{"index":"index","follow":"follow","max-snippet":"max-snippet:-1","max-image-preview":"max-image-preview:large","max-video-preview":"max-video-preview:-1"},"canonical":"https:\/\/megadvantage.com\/en\/soluciones\/servicios\/","og_locale":"en_US","og_type":"article","og_title":"Servicios - Megadvantage","og_description":"Conexiones impulsadas por servicios s\u00f3lidos e integrados digitalmente. Ventaja competitiva que producir\u00e1 resultados reales.","og_url":"https:\/\/megadvantage.com\/en\/soluciones\/servicios\/","og_site_name":"Megadvantage","article_modified_time":"2024-06-23T20:41:38+00:00","og_image":[{"width":1920,"height":850,"url":"https:\/\/megadvantage.com\/wp-content\/uploads\/2020\/03\/banner-home3.jpg","type":"image\/jpeg"}],"twitter_card":"summary_large_image","twitter_misc":{"Est. reading time":"2 minutes"},"schema":{"@context":"https:\/\/schema.org","@graph":[{"@type":"WebPage","@id":"https:\/\/megadvantage.com\/soluciones\/servicios\/","url":"https:\/\/megadvantage.com\/soluciones\/servicios\/","name":"Servicios - Megadvantage","isPartOf":{"@id":"https:\/\/megadvantage.com\/#website"},"primaryImageOfPage":{"@id":"https:\/\/megadvantage.com\/soluciones\/servicios\/#primaryimage"},"image":{"@id":"https:\/\/megadvantage.com\/soluciones\/servicios\/#primaryimage"},"thumbnailUrl":"https:\/\/megadvantage.com\/wp-content\/uploads\/2020\/03\/banner-home3.jpg","datePublished":"2022-06-06T22:45:50+00:00","dateModified":"2024-06-23T20:41:38+00:00","description":"Conexiones impulsadas por servicios s\u00f3lidos e integrados digitalmente. Ventaja competitiva que producir\u00e1 resultados reales.","breadcrumb":{"@id":"https:\/\/megadvantage.com\/soluciones\/servicios\/#breadcrumb"},"inLanguage":"en-US","potentialAction":[{"@type":"ReadAction","target":["https:\/\/megadvantage.com\/soluciones\/servicios\/"]}]},{"@type":"ImageObject","inLanguage":"en-US","@id":"https:\/\/megadvantage.com\/soluciones\/servicios\/#primaryimage","url":"https:\/\/megadvantage.com\/wp-content\/uploads\/2020\/03\/banner-home3.jpg","contentUrl":"https:\/\/megadvantage.com\/wp-content\/uploads\/2020\/03\/banner-home3.jpg","width":1920,"height":850},{"@type":"BreadcrumbList","@id":"https:\/\/megadvantage.com\/soluciones\/servicios\/#breadcrumb","itemListElement":[{"@type":"ListItem","position":1,"name":"Inicio","item":"https:\/\/megadvantage.com\/"},{"@type":"ListItem","position":2,"name":"Soluciones","item":"https:\/\/megadvantage.com\/soluciones\/"},{"@type":"ListItem","position":3,"name":"Servicios"}]},{"@type":"WebSite","@id":"https:\/\/megadvantage.com\/#website","url":"https:\/\/megadvantage.com\/","name":"megaadvantage","description":"ICT Solutions and Services","publisher":{"@id":"https:\/\/megadvantage.com\/#organization"},"potentialAction":[{"@type":"SearchAction","target":{"@type":"EntryPoint","urlTemplate":"https:\/\/megadvantage.com\/?s={search_term_string}"},"query-input":{"@type":"PropertyValueSpecification","valueRequired":true,"valueName":"search_term_string"}}],"inLanguage":"en-US"},{"@type":"Organization","@id":"https:\/\/megadvantage.com\/#organization","name":"megaadvantage","url":"https:\/\/megadvantage.com\/","logo":{"@type":"ImageObject","inLanguage":"en-US","@id":"https:\/\/megadvantage.com\/#\/schema\/logo\/image\/","url":"https:\/\/megadvantage.com\/wp-content\/uploads\/2022\/05\/Megadvantage-logo.png","contentUrl":"https:\/\/megadvantage.com\/wp-content\/uploads\/2022\/05\/Megadvantage-logo.png","width":1011,"height":662,"caption":"Megadvantage"},"image":{"@id":"https:\/\/megadvantage.com\/#\/schema\/logo\/image\/"},"sameAs":["https:\/\/co.linkedin.com\/company\/megadvantage"]}]}},"_links":{"self":[{"href":"https:\/\/megadvantage.com\/en\/wp-json\/wp\/v2\/pages\/5339","targetHints":{"allow":["GET"]}}],"collection":[{"href":"https:\/\/megadvantage.com\/en\/wp-json\/wp\/v2\/pages"}],"about":[{"href":"https:\/\/megadvantage.com\/en\/wp-json\/wp\/v2\/types\/page"}],"author":[{"embeddable":true,"href":"https:\/\/megadvantage.com\/en\/wp-json\/wp\/v2\/users\/1"}],"replies":[{"embeddable":true,"href":"https:\/\/megadvantage.com\/en\/wp-json\/wp\/v2\/comments?post=5339"}],"version-history":[{"count":0,"href":"https:\/\/megadvantage.com\/en\/wp-json\/wp\/v2\/pages\/5339\/revisions"}],"up":[{"embeddable":true,"href":"https:\/\/megadvantage.com\/en\/wp-json\/wp\/v2\/pages\/2407"}],"wp:featuredmedia":[{"embeddable":true,"href":"https:\/\/megadvantage.com\/en\/wp-json\/wp\/v2\/media\/2501"}],"wp:attachment":[{"href":"https:\/\/megadvantage.com\/en\/wp-json\/wp\/v2\/media?parent=5339"}],"curies":[{"name":"wp","href":"https:\/\/api.w.org\/{rel}","templated":true}]}}