{"id":1370,"date":"2020-01-02T09:28:08","date_gmt":"2020-01-02T09:28:08","guid":{"rendered":"http:\/\/wpdemo.archiwp.com\/engitech\/?page_id=1370"},"modified":"2025-12-19T12:31:20","modified_gmt":"2025-12-19T17:31:20","slug":"contacto","status":"publish","type":"page","link":"https:\/\/megadvantage.com\/en\/contacto\/","title":{"rendered":"Contact"},"content":{"rendered":"\t\t<div data-elementor-type=\"wp-page\" data-elementor-id=\"1370\" class=\"elementor elementor-1370\" data-elementor-post-type=\"page\">\n\t\t\t\t\t\t<section class=\"elementor-section elementor-top-section elementor-element elementor-element-8c1b6b2 elementor-section-content-middle ot-traditional elementor-section-boxed elementor-section-height-default elementor-section-height-default\" data-id=\"8c1b6b2\" data-element_type=\"section\" data-e-type=\"section\">\n\t\t\t\t\t\t<div class=\"elementor-container elementor-column-gap-extended\">\n\t\t\t\t\t<div class=\"elementor-column elementor-col-50 elementor-top-column elementor-element elementor-element-8416bc3 ot-flex-column-vertical\" data-id=\"8416bc3\" data-element_type=\"column\" data-e-type=\"column\">\n\t\t\t<div class=\"elementor-widget-wrap elementor-element-populated\">\n\t\t\t\t\t\t<div class=\"elementor-element elementor-element-7e034f7 elementor-widget elementor-widget-iheading\" data-id=\"7e034f7\" data-element_type=\"widget\" data-e-type=\"widget\" data-no-translation=\"\" data-widget_type=\"iheading.default\">\n\t\t\t\t<div class=\"elementor-widget-container\">\n\t\t\t\t\t<style>.elementor-element-7e034f7{display:none !important}<\/style>\t\t\t\t<\/div>\n\t\t\t\t<\/div>\n\t\t\t\t<div class=\"elementor-element elementor-element-d1b9e95 elementor-widget elementor-widget-text-editor\" data-id=\"d1b9e95\" data-element_type=\"widget\" data-e-type=\"widget\" data-no-translation=\"\" data-widget_type=\"text-editor.default\">\n\t\t\t\t<div class=\"elementor-widget-container\">\n\t\t\t\t\t<style>.elementor-element-d1b9e95{display:none !important}<\/style>\t\t\t\t<\/div>\n\t\t\t\t<\/div>\n\t\t\t\t<div class=\"elementor-element elementor-element-af573d6 elementor-widget elementor-widget-icontact_info\" data-id=\"af573d6\" data-element_type=\"widget\" data-e-type=\"widget\" data-no-translation=\"\" data-widget_type=\"icontact_info.default\">\n\t\t\t\t<div class=\"elementor-widget-container\">\n\t\t\t\t\t<style>.elementor-element-af573d6{display:none !important}<\/style>\t\t\t\t<\/div>\n\t\t\t\t<\/div>\n\t\t\t\t<div class=\"elementor-element elementor-element-046c86c elementor-widget elementor-widget-icontact_info\" data-id=\"046c86c\" data-element_type=\"widget\" data-e-type=\"widget\" data-no-translation=\"\" data-widget_type=\"icontact_info.default\">\n\t\t\t\t<div class=\"elementor-widget-container\">\n\t\t\t\t\t<style>.elementor-element-046c86c{display:none !important}<\/style>\t\t\t\t<\/div>\n\t\t\t\t<\/div>\n\t\t\t\t<div class=\"elementor-element elementor-element-cd62a18 elementor-widget elementor-widget-icontact_info\" data-id=\"cd62a18\" data-element_type=\"widget\" data-e-type=\"widget\" data-no-translation=\"\" data-widget_type=\"icontact_info.default\">\n\t\t\t\t<div class=\"elementor-widget-container\">\n\t\t\t\t\t<style>.elementor-element-cd62a18{display:none !important}<\/style>\t\t\t\t<\/div>\n\t\t\t\t<\/div>\n\t\t\t\t<div class=\"elementor-element elementor-element-459568b elementor-widget elementor-widget-icontact_info\" data-id=\"459568b\" data-element_type=\"widget\" data-e-type=\"widget\" data-no-translation=\"\" data-widget_type=\"icontact_info.default\">\n\t\t\t\t<div class=\"elementor-widget-container\">\n\t\t\t\t\t<style>.elementor-element-459568b{display:none !important}<\/style>\t\t\t\t<\/div>\n\t\t\t\t<\/div>\n\t\t\t\t<div class=\"elementor-element elementor-element-d1ab28e elementor-widget elementor-widget-icontact_info\" data-id=\"d1ab28e\" data-element_type=\"widget\" data-e-type=\"widget\" data-no-translation=\"\" data-widget_type=\"icontact_info.default\">\n\t\t\t\t<div class=\"elementor-widget-container\">\n\t\t\t\t\t<style>.elementor-element-d1ab28e{display:none !important}<\/style>\t\t\t\t<\/div>\n\t\t\t\t<\/div>\n\t\t\t\t<div class=\"elementor-element elementor-element-3496997 elementor-widget elementor-widget-iheading\" data-id=\"3496997\" data-element_type=\"widget\" data-e-type=\"widget\" data-no-translation=\"\" data-widget_type=\"iheading.default\">\n\t\t\t\t<div class=\"elementor-widget-container\">\n\t\t\t\t\t\t\t<div class=\"ot-heading\">\r\n\t        \t            <span>\/\/ contact details<\/span>\r\n\t        <h2 class=\"main-heading\">Contact us<\/h2>\t    <\/div>\r\n\t    \t\t\t\t<\/div>\n\t\t\t\t<\/div>\n\t\t\t\t<div class=\"elementor-element elementor-element-debbc06 elementor-widget elementor-widget-text-editor\" data-id=\"debbc06\" data-element_type=\"widget\" data-e-type=\"widget\" data-no-translation=\"\" data-widget_type=\"text-editor.default\">\n\t\t\t\t<div class=\"elementor-widget-container\">\n\t\t\t\t\t\t\t\t\t<p>Give us a call or message us, we endeavour to answer all inquiries within 24 hours . We will be happy to assist you.<\/p>\t\t\t\t\t\t\t\t<\/div>\n\t\t\t\t<\/div>\n\t\t\t\t<div class=\"elementor-element elementor-element-4c90f57 elementor-widget elementor-widget-icontact_info\" data-id=\"4c90f57\" data-element_type=\"widget\" data-e-type=\"widget\" data-no-translation=\"\" data-widget_type=\"icontact_info.default\">\n\t\t\t\t<div class=\"elementor-widget-container\">\n\t\t\t\t\t\t\t\t\t\t    \t<div class=\"contact-info box-style1\">\r\n\t\t\t\t\t\t\t\t    \t\t        <i class=\"flaticon-envelope\"><\/i>\t\t\t        <div class=\"info-text\">\r\n\t\t\t        \t<h6>Our Mailbox:<\/h6>\r\n\t\t\t        \t<p>contacto@megadvantage.com<\/p>\r\n\t\t\t        <\/div>\r\n\t\t\t    <\/div>\r\n\t\t    \t    \t\t\t\t<\/div>\n\t\t\t\t<\/div>\n\t\t\t\t<div class=\"elementor-element elementor-element-b59a336 elementor-widget elementor-widget-icontact_info\" data-id=\"b59a336\" data-element_type=\"widget\" data-e-type=\"widget\" data-no-translation=\"\" data-widget_type=\"icontact_info.default\">\n\t\t\t\t<div class=\"elementor-widget-container\">\n\t\t\t\t\t\t\t\t\t\t    \t<div class=\"contact-info box-style1\">\r\n\t\t\t\t\t\t\t\t    \t\t        <i class=\"flaticon-world-globe\"><\/i>\t\t\t        <div class=\"info-text\">\r\n\t\t\t        \t<h6>Colombia:<\/h6>\r\n\t\t\t        \t<p>- (+57) 300 9126337<\/br>\n- Cr 47 No. 93 - 20, Bogot\u00e1, Colombia<\/p>\r\n\t\t\t        <\/div>\r\n\t\t\t    <\/div>\r\n\t\t    \t    \t\t\t\t<\/div>\n\t\t\t\t<\/div>\n\t\t\t\t<div class=\"elementor-element elementor-element-a59e635 elementor-widget elementor-widget-icontact_info\" data-id=\"a59e635\" data-element_type=\"widget\" data-e-type=\"widget\" data-no-translation=\"\" data-widget_type=\"icontact_info.default\">\n\t\t\t\t<div class=\"elementor-widget-container\">\n\t\t\t\t\t\t\t\t\t\t    \t<div class=\"contact-info box-style1\">\r\n\t\t\t\t\t\t\t\t    \t\t        <i class=\"flaticon-world-globe\"><\/i>\t\t\t        <div class=\"info-text\">\r\n\t\t\t        \t<h6>Per\u00fa:<\/h6>\r\n\t\t\t        \t<p>- (+51) 1 5102202<\/br>\n- Lima, Per\u00fa: Pro. Ayacucho 1235 Urb, Pando Etapa II Dpto. 202, San Miguel, Lima, Per\u00fa<\/p>\r\n\t\t\t        <\/div>\r\n\t\t\t    <\/div>\r\n\t\t    \t    \t\t\t\t<\/div>\n\t\t\t\t<\/div>\n\t\t\t\t<div class=\"elementor-element elementor-element-cd1d298 elementor-widget elementor-widget-icontact_info\" data-id=\"cd1d298\" data-element_type=\"widget\" data-e-type=\"widget\" data-no-translation=\"\" data-widget_type=\"icontact_info.default\">\n\t\t\t\t<div class=\"elementor-widget-container\">\n\t\t\t\t\t\t\t\t\t\t    \t<div class=\"contact-info box-style1\">\r\n\t\t\t\t\t\t\t\t    \t\t        <i class=\"flaticon-world-globe\"><\/i>\t\t\t        <div class=\"info-text\">\r\n\t\t\t        \t<h6>United States of America:<\/h6>\r\n\t\t\t        \t<p>- (+1) 786-464-4039<\/p>\r\n\t\t\t        <\/div>\r\n\t\t\t    <\/div>\r\n\t\t    \t    \t\t\t\t<\/div>\n\t\t\t\t<\/div>\n\t\t\t\t<div class=\"elementor-element elementor-element-f2ae9fc elementor-widget elementor-widget-icontact_info\" data-id=\"f2ae9fc\" data-element_type=\"widget\" data-e-type=\"widget\" data-no-translation=\"\" data-widget_type=\"icontact_info.default\">\n\t\t\t\t<div class=\"elementor-widget-container\">\n\t\t\t\t\t\t\t\t\t\t    \t<div class=\"contact-info box-style1\">\r\n\t\t\t\t\t\t\t\t    \t\t        <i class=\"flaticon-world-globe\"><\/i>\t\t\t        <div class=\"info-text\">\r\n\t\t\t        \t<h6>Chile:<\/h6>\r\n\t\t\t        \t<p>- (+56) 969-099-584<\/br>\n- Santa Beatriz 100, Oficina 1103, Piso 11, Providencia, Santiago de Chile<\/p>\r\n\t\t\t        <\/div>\r\n\t\t\t    <\/div>\r\n\t\t    \t    \t\t\t\t<\/div>\n\t\t\t\t<\/div>\n\t\t\t\t\t<\/div>\n\t\t<\/div>\n\t\t\t\t<div class=\"elementor-column elementor-col-50 elementor-top-column elementor-element elementor-element-add1e18 ot-column-items-top ot-flex-column-vertical\" data-id=\"add1e18\" data-element_type=\"column\" data-e-type=\"column\">\n\t\t\t<div class=\"elementor-widget-wrap elementor-element-populated\">\n\t\t\t\t\t\t<div class=\"elementor-element elementor-element-8935913 elementor-widget elementor-widget-spacer\" data-id=\"8935913\" data-element_type=\"widget\" data-e-type=\"widget\" data-widget_type=\"spacer.default\">\n\t\t\t\t<div class=\"elementor-widget-container\">\n\t\t\t\t\t\t\t<div class=\"elementor-spacer\">\n\t\t\t<div class=\"elementor-spacer-inner\"><\/div>\n\t\t<\/div>\n\t\t\t\t\t\t<\/div>\n\t\t\t\t<\/div>\n\t\t\t\t<div class=\"elementor-element elementor-element-4a7e59e elementor-button-align-end elementor-widget elementor-widget-form\" data-id=\"4a7e59e\" data-element_type=\"widget\" data-e-type=\"widget\" data-settings=\"{&quot;step_next_label&quot;:&quot;Next&quot;,&quot;step_previous_label&quot;:&quot;Previous&quot;,&quot;button_width&quot;:&quot;100&quot;,&quot;step_type&quot;:&quot;number_text&quot;,&quot;step_icon_shape&quot;:&quot;circle&quot;}\" data-no-translation=\"\" data-widget_type=\"form.default\">\n\t\t\t\t<div class=\"elementor-widget-container\">\n\t\t\t\t\t<style>.elementor-element-4a7e59e{display:none !important}<\/style>\t\t\t\t<\/div>\n\t\t\t\t<\/div>\n\t\t\t\t<div class=\"elementor-element elementor-element-3fb7120 elementor-button-align-end elementor-widget elementor-widget-form\" data-id=\"3fb7120\" data-element_type=\"widget\" data-e-type=\"widget\" data-settings=\"{&quot;step_next_label&quot;:&quot;Next&quot;,&quot;step_previous_label&quot;:&quot;Previous&quot;,&quot;button_width&quot;:&quot;100&quot;,&quot;step_type&quot;:&quot;number_text&quot;,&quot;step_icon_shape&quot;:&quot;circle&quot;}\" data-no-translation=\"\" data-widget_type=\"form.default\">\n\t\t\t\t<div class=\"elementor-widget-container\">\n\t\t\t\t\t\t\t<form class=\"elementor-form\" method=\"post\" name=\"Contact page form\" aria-label=\"Contact page form\">\n\t\t\t<input type=\"hidden\" name=\"post_id\" value=\"1370\"\/>\n\t\t\t<input type=\"hidden\" name=\"form_id\" value=\"3fb7120\"\/>\n\t\t\t<input type=\"hidden\" name=\"referer_title\" value=\"Megadvantage\" \/>\n\n\t\t\t\n\t\t\t<div class=\"elementor-form-fields-wrapper elementor-labels-above\">\n\t\t\t\t\t\t\t\t<div class=\"elementor-field-type-text elementor-field-group elementor-column elementor-field-group-nombre elementor-col-50 elementor-field-required\">\n\t\t\t\t\t\t\t\t\t\t\t\t\t<input size=\"1\" type=\"text\" name=\"form_fields[nombre]\" id=\"form-field-nombre\" class=\"elementor-field elementor-size-sm  elementor-field-textual\" placeholder=\"First Name\" required=\"required\">\n\t\t\t\t\t\t\t\t\t\t\t<\/div>\n\t\t\t\t\t\t\t\t<div class=\"elementor-field-type-text elementor-field-group elementor-column elementor-field-group-apellido elementor-col-50 elementor-field-required\">\n\t\t\t\t\t\t\t\t\t\t\t\t\t<input size=\"1\" type=\"text\" name=\"form_fields[apellido]\" id=\"form-field-apellido\" class=\"elementor-field elementor-size-sm  elementor-field-textual\" placeholder=\"Last Name\" required=\"required\">\n\t\t\t\t\t\t\t\t\t\t\t<\/div>\n\t\t\t\t\t\t\t\t<div class=\"elementor-field-type-text elementor-field-group elementor-column elementor-field-group-empresa elementor-col-50 elementor-field-required\">\n\t\t\t\t\t\t\t\t\t\t\t\t\t<input size=\"1\" type=\"text\" name=\"form_fields[empresa]\" id=\"form-field-empresa\" class=\"elementor-field elementor-size-sm  elementor-field-textual\" placeholder=\"Company\" required=\"required\">\n\t\t\t\t\t\t\t\t\t\t\t<\/div>\n\t\t\t\t\t\t\t\t<div class=\"elementor-field-type-tel elementor-field-group elementor-column elementor-field-group-telefono elementor-col-50 elementor-field-required\">\n\t\t\t\t\t\t\t<input size=\"1\" type=\"tel\" name=\"form_fields[telefono]\" id=\"form-field-telefono\" class=\"elementor-field elementor-size-sm  elementor-field-textual\" placeholder=\"Phone number\" required=\"required\" pattern=\"[0-9()#&amp;+*-=.]+\" title=\"Only numbers and phone characters (#, -, *, etc) are accepted.\">\n\n\t\t\t\t\t\t<\/div>\n\t\t\t\t\t\t\t\t<div class=\"elementor-field-type-email elementor-field-group elementor-column elementor-field-group-email elementor-col-100 elementor-field-required\">\n\t\t\t\t\t\t\t\t\t\t\t\t\t<input size=\"1\" type=\"email\" name=\"form_fields[email]\" id=\"form-field-email\" class=\"elementor-field elementor-size-sm  elementor-field-textual\" placeholder=\"Email\" required=\"required\">\n\t\t\t\t\t\t\t\t\t\t\t<\/div>\n\t\t\t\t\t\t\t\t<div class=\"elementor-field-type-textarea elementor-field-group elementor-column elementor-field-group-mensaje elementor-col-100 elementor-field-required\">\n\t\t\t\t\t<textarea class=\"elementor-field-textual elementor-field  elementor-size-sm\" name=\"form_fields[mensaje]\" id=\"form-field-mensaje\" rows=\"3\" placeholder=\"Leave your message\" required=\"required\"><\/textarea>\t\t\t\t<\/div>\n\t\t\t\t\t\t\t\t<div class=\"elementor-field-type-html elementor-field-group elementor-column elementor-field-group-field_23d5b79 elementor-col-100\">\n\t\t\t\t\t<p style=\"font-size: 12px; color: #A4A4A4;\">This site is protected by reCAPTCHA and the Google \n    <a href=\"https:\/\/policies.google.com\/privacy\">Privacy Policy<\/a> and\n    <a href=\"https:\/\/policies.google.com\/terms\">Terms of Service<\/a> apply.<\/p>\t\t\t\t<\/div>\n\t\t\t\t\t\t\t\t<div class=\"elementor-field-type-recaptcha_v3 elementor-field-group elementor-column elementor-field-group-field_e76744b elementor-col-100 recaptcha_v3-bottomright\">\n\t\t\t\t\t<div class=\"elementor-field\" id=\"form-field-field_e76744b\"><div class=\"elementor-g-recaptcha\" data-sitekey=\"6Lf7J5AiAAAAADNkJNrsCUEywx5eqACq8hFAMP0h\" data-type=\"v3\" data-action=\"Form\" data-badge=\"bottomright\" data-size=\"invisible\"><\/div><\/div>\t\t\t\t<\/div>\n\t\t\t\t\t\t\t\t<div class=\"elementor-field-group elementor-column elementor-field-type-submit elementor-col-100 e-form__buttons\">\n\t\t\t\t\t<button class=\"elementor-button elementor-size-sm\" type=\"submit\">\n\t\t\t\t\t\t<span class=\"elementor-button-content-wrapper\">\n\t\t\t\t\t\t\t\t\t\t\t\t\t\t\t\t\t\t\t\t\t\t<span class=\"elementor-button-text\">Send<\/span>\n\t\t\t\t\t\t\t\t\t\t\t\t\t<\/span>\n\t\t\t\t\t<\/button>\n\t\t\t\t<\/div>\n\t\t\t<\/div>\n\t\t<\/form>\n\t\t\t\t\t\t<\/div>\n\t\t\t\t<\/div>\n\t\t\t\t\t<\/div>\n\t\t<\/div>\n\t\t\t\t\t<\/div>\n\t\t<\/section>\n\t\t\t\t<\/div>\n\t\t","protected":false},"excerpt":{"rendered":"<p>\/\/ Detalles de contacto Cont\u00e1ctanos Ll\u00e1manos o vis\u00edtanos, nos esforzamos por responder todas las consultas en 24 horas. Estaremos encantados de ayudarte. Correo Electr\u00f3nico: contacto@megadvantage.com Colombia: &#8211; (+57) 300 9126337 &#8211; Cr 47 No. 93 &#8211; 20, Bogot\u00e1, Colombia Per\u00fa: &#8211; (+51) 1 5102202 &#8211; Lima, Per\u00fa: Pro. Ayacucho 1235 Urb, Pando Etapa II Dpto. [&hellip;]<\/p>\n","protected":false},"author":1,"featured_media":6227,"parent":0,"menu_order":0,"comment_status":"closed","ping_status":"closed","template":"","meta":{"footnotes":""},"class_list":["post-1370","page","type-page","status-publish","has-post-thumbnail","hentry"],"yoast_head":"<!-- This site is optimized with the Yoast SEO plugin v27.1.1 - https:\/\/yoast.com\/product\/yoast-seo-wordpress\/ -->\n<title>Contacto - Megadvantage<\/title>\n<meta name=\"description\" content=\"Ll\u00e1manos o vis\u00edtanos, nos esforzamos por responder todas las consultas en 24 horas. Estaremos encantados de ayudarte.\" \/>\n<meta name=\"robots\" content=\"index, follow, max-snippet:-1, max-image-preview:large, max-video-preview:-1\" \/>\n<link rel=\"canonical\" href=\"https:\/\/megadvantage.com\/en\/contacto\/\" \/>\n<meta property=\"og:locale\" content=\"en_US\" \/>\n<meta property=\"og:type\" content=\"article\" \/>\n<meta property=\"og:title\" content=\"Contacto - Megadvantage\" \/>\n<meta property=\"og:description\" content=\"Ll\u00e1manos o vis\u00edtanos, nos esforzamos por responder todas las consultas en 24 horas. Estaremos encantados de ayudarte.\" \/>\n<meta property=\"og:url\" content=\"https:\/\/megadvantage.com\/en\/contacto\/\" \/>\n<meta property=\"og:site_name\" content=\"Megadvantage\" \/>\n<meta property=\"article:modified_time\" content=\"2025-12-19T17:31:20+00:00\" \/>\n<meta property=\"og:image\" content=\"https:\/\/megadvantage.com\/wp-content\/uploads\/2022\/08\/15.jpg\" \/>\n\t<meta property=\"og:image:width\" content=\"720\" \/>\n\t<meta property=\"og:image:height\" content=\"450\" \/>\n\t<meta property=\"og:image:type\" content=\"image\/jpeg\" \/>\n<meta name=\"twitter:card\" content=\"summary_large_image\" \/>\n<meta name=\"twitter:label1\" content=\"Est. reading time\" \/>\n\t<meta name=\"twitter:data1\" content=\"1 minute\" \/>\n<script type=\"application\/ld+json\" class=\"yoast-schema-graph\">{\"@context\":\"https:\/\/schema.org\",\"@graph\":[{\"@type\":\"WebPage\",\"@id\":\"https:\/\/megadvantage.com\/en\/contacto\/\",\"url\":\"https:\/\/megadvantage.com\/en\/contacto\/\",\"name\":\"Contacto - Megadvantage\",\"isPartOf\":{\"@id\":\"https:\/\/megadvantage.com\/#website\"},\"primaryImageOfPage\":{\"@id\":\"https:\/\/megadvantage.com\/en\/contacto\/#primaryimage\"},\"image\":{\"@id\":\"https:\/\/megadvantage.com\/en\/contacto\/#primaryimage\"},\"thumbnailUrl\":\"https:\/\/megadvantage.com\/wp-content\/uploads\/2022\/08\/15.jpg\",\"datePublished\":\"2020-01-02T09:28:08+00:00\",\"dateModified\":\"2025-12-19T17:31:20+00:00\",\"description\":\"Ll\u00e1manos o vis\u00edtanos, nos esforzamos por responder todas las consultas en 24 horas. Estaremos encantados de ayudarte.\",\"breadcrumb\":{\"@id\":\"https:\/\/megadvantage.com\/en\/contacto\/#breadcrumb\"},\"inLanguage\":\"en-US\",\"potentialAction\":[{\"@type\":\"ReadAction\",\"target\":[\"https:\/\/megadvantage.com\/en\/contacto\/\"]}]},{\"@type\":\"ImageObject\",\"inLanguage\":\"en-US\",\"@id\":\"https:\/\/megadvantage.com\/en\/contacto\/#primaryimage\",\"url\":\"https:\/\/megadvantage.com\/wp-content\/uploads\/2022\/08\/15.jpg\",\"contentUrl\":\"https:\/\/megadvantage.com\/wp-content\/uploads\/2022\/08\/15.jpg\",\"width\":720,\"height\":450},{\"@type\":\"BreadcrumbList\",\"@id\":\"https:\/\/megadvantage.com\/en\/contacto\/#breadcrumb\",\"itemListElement\":[{\"@type\":\"ListItem\",\"position\":1,\"name\":\"Inicio\",\"item\":\"https:\/\/megadvantage.com\/\"},{\"@type\":\"ListItem\",\"position\":2,\"name\":\"Contacto\"}]},{\"@type\":\"WebSite\",\"@id\":\"https:\/\/megadvantage.com\/#website\",\"url\":\"https:\/\/megadvantage.com\/\",\"name\":\"Megadvantage\",\"description\":\"Soluciones y Servicios TIC\",\"publisher\":{\"@id\":\"https:\/\/megadvantage.com\/#organization\"},\"potentialAction\":[{\"@type\":\"SearchAction\",\"target\":{\"@type\":\"EntryPoint\",\"urlTemplate\":\"https:\/\/megadvantage.com\/?s={search_term_string}\"},\"query-input\":{\"@type\":\"PropertyValueSpecification\",\"valueRequired\":true,\"valueName\":\"search_term_string\"}}],\"inLanguage\":\"en-US\"},{\"@type\":\"Organization\",\"@id\":\"https:\/\/megadvantage.com\/#organization\",\"name\":\"Megadvantage\",\"url\":\"https:\/\/megadvantage.com\/\",\"logo\":{\"@type\":\"ImageObject\",\"inLanguage\":\"en-US\",\"@id\":\"https:\/\/megadvantage.com\/#\/schema\/logo\/image\/\",\"url\":\"https:\/\/megadvantage.com\/wp-content\/uploads\/2022\/05\/Megadvantage-logo.png\",\"contentUrl\":\"https:\/\/megadvantage.com\/wp-content\/uploads\/2022\/05\/Megadvantage-logo.png\",\"width\":1011,\"height\":662,\"caption\":\"Megadvantage\"},\"image\":{\"@id\":\"https:\/\/megadvantage.com\/#\/schema\/logo\/image\/\"},\"sameAs\":[\"https:\/\/co.linkedin.com\/company\/megadvantage\"]}]}<\/script>\n<!-- \/ Yoast SEO plugin. -->","yoast_head_json":{"title":"Contacto - Megadvantage","description":"Ll\u00e1manos o vis\u00edtanos, nos esforzamos por responder todas las consultas en 24 horas. Estaremos encantados de ayudarte.","robots":{"index":"index","follow":"follow","max-snippet":"max-snippet:-1","max-image-preview":"max-image-preview:large","max-video-preview":"max-video-preview:-1"},"canonical":"https:\/\/megadvantage.com\/en\/contacto\/","og_locale":"en_US","og_type":"article","og_title":"Contacto - Megadvantage","og_description":"Ll\u00e1manos o vis\u00edtanos, nos esforzamos por responder todas las consultas en 24 horas. Estaremos encantados de ayudarte.","og_url":"https:\/\/megadvantage.com\/en\/contacto\/","og_site_name":"Megadvantage","article_modified_time":"2025-12-19T17:31:20+00:00","og_image":[{"width":720,"height":450,"url":"https:\/\/megadvantage.com\/wp-content\/uploads\/2022\/08\/15.jpg","type":"image\/jpeg"}],"twitter_card":"summary_large_image","twitter_misc":{"Est. reading time":"1 minute"},"schema":{"@context":"https:\/\/schema.org","@graph":[{"@type":"WebPage","@id":"https:\/\/megadvantage.com\/en\/contacto\/","url":"https:\/\/megadvantage.com\/en\/contacto\/","name":"Contacto - Megadvantage","isPartOf":{"@id":"https:\/\/megadvantage.com\/#website"},"primaryImageOfPage":{"@id":"https:\/\/megadvantage.com\/en\/contacto\/#primaryimage"},"image":{"@id":"https:\/\/megadvantage.com\/en\/contacto\/#primaryimage"},"thumbnailUrl":"https:\/\/megadvantage.com\/wp-content\/uploads\/2022\/08\/15.jpg","datePublished":"2020-01-02T09:28:08+00:00","dateModified":"2025-12-19T17:31:20+00:00","description":"Ll\u00e1manos o vis\u00edtanos, nos esforzamos por responder todas las consultas en 24 horas. Estaremos encantados de ayudarte.","breadcrumb":{"@id":"https:\/\/megadvantage.com\/en\/contacto\/#breadcrumb"},"inLanguage":"en-US","potentialAction":[{"@type":"ReadAction","target":["https:\/\/megadvantage.com\/en\/contacto\/"]}]},{"@type":"ImageObject","inLanguage":"en-US","@id":"https:\/\/megadvantage.com\/en\/contacto\/#primaryimage","url":"https:\/\/megadvantage.com\/wp-content\/uploads\/2022\/08\/15.jpg","contentUrl":"https:\/\/megadvantage.com\/wp-content\/uploads\/2022\/08\/15.jpg","width":720,"height":450},{"@type":"BreadcrumbList","@id":"https:\/\/megadvantage.com\/en\/contacto\/#breadcrumb","itemListElement":[{"@type":"ListItem","position":1,"name":"Inicio","item":"https:\/\/megadvantage.com\/"},{"@type":"ListItem","position":2,"name":"Contacto"}]},{"@type":"WebSite","@id":"https:\/\/megadvantage.com\/#website","url":"https:\/\/megadvantage.com\/","name":"megaadvantage","description":"ICT Solutions and Services","publisher":{"@id":"https:\/\/megadvantage.com\/#organization"},"potentialAction":[{"@type":"SearchAction","target":{"@type":"EntryPoint","urlTemplate":"https:\/\/megadvantage.com\/?s={search_term_string}"},"query-input":{"@type":"PropertyValueSpecification","valueRequired":true,"valueName":"search_term_string"}}],"inLanguage":"en-US"},{"@type":"Organization","@id":"https:\/\/megadvantage.com\/#organization","name":"megaadvantage","url":"https:\/\/megadvantage.com\/","logo":{"@type":"ImageObject","inLanguage":"en-US","@id":"https:\/\/megadvantage.com\/#\/schema\/logo\/image\/","url":"https:\/\/megadvantage.com\/wp-content\/uploads\/2022\/05\/Megadvantage-logo.png","contentUrl":"https:\/\/megadvantage.com\/wp-content\/uploads\/2022\/05\/Megadvantage-logo.png","width":1011,"height":662,"caption":"Megadvantage"},"image":{"@id":"https:\/\/megadvantage.com\/#\/schema\/logo\/image\/"},"sameAs":["https:\/\/co.linkedin.com\/company\/megadvantage"]}]}},"_links":{"self":[{"href":"https:\/\/megadvantage.com\/en\/wp-json\/wp\/v2\/pages\/1370","targetHints":{"allow":["GET"]}}],"collection":[{"href":"https:\/\/megadvantage.com\/en\/wp-json\/wp\/v2\/pages"}],"about":[{"href":"https:\/\/megadvantage.com\/en\/wp-json\/wp\/v2\/types\/page"}],"author":[{"embeddable":true,"href":"https:\/\/megadvantage.com\/en\/wp-json\/wp\/v2\/users\/1"}],"replies":[{"embeddable":true,"href":"https:\/\/megadvantage.com\/en\/wp-json\/wp\/v2\/comments?post=1370"}],"version-history":[{"count":15,"href":"https:\/\/megadvantage.com\/en\/wp-json\/wp\/v2\/pages\/1370\/revisions"}],"predecessor-version":[{"id":7922,"href":"https:\/\/megadvantage.com\/en\/wp-json\/wp\/v2\/pages\/1370\/revisions\/7922"}],"wp:featuredmedia":[{"embeddable":true,"href":"https:\/\/megadvantage.com\/en\/wp-json\/wp\/v2\/media\/6227"}],"wp:attachment":[{"href":"https:\/\/megadvantage.com\/en\/wp-json\/wp\/v2\/media?parent=1370"}],"curies":[{"name":"wp","href":"https:\/\/api.w.org\/{rel}","templated":true}]}}